{"id":15222,"date":"2023-07-21T00:40:43","date_gmt":"2023-07-21T00:40:43","guid":{"rendered":"http:\/\/rovensanext.be\/le-message-a-ete-envoye\/"},"modified":"2023-07-21T00:40:44","modified_gmt":"2023-07-21T00:40:44","slug":"le-message-a-ete-envoye","status":"publish","type":"page","link":"https:\/\/www.rovensanext.be\/fr\/le-message-a-ete-envoye\/","title":{"rendered":"Le message a \u00e9t\u00e9 envoy\u00e9"},"content":{"rendered":"\t\t<div data-elementor-type=\"wp-page\" data-elementor-id=\"15222\" class=\"elementor elementor-15222 elementor-13863\" data-elementor-post-type=\"page\">\n\t\t\t\t<div class=\"elementor-element elementor-element-fc69d80 e-con-full e-flex e-con e-parent\" data-id=\"fc69d80\" data-element_type=\"container\" data-settings=\"{&quot;background_background&quot;:&quot;classic&quot;}\">\n\t\t\t\t<div class=\"elementor-element elementor-element-f1a4141 elementor-widget elementor-widget-html\" data-id=\"f1a4141\" data-element_type=\"widget\" data-widget_type=\"html.default\">\n\t\t\t\t\t<script>document.addEventListener(\"DOMContentLoaded\", function() {\n    \/\/ Obtener el bot\u00f3n por su ID\n    var backButton = document.getElementById(\"country_back_btn\");\n    backButton.style.cursor = \"pointer\";\n\n    \/\/ Agregar un evento de clic al bot\u00f3n\n    backButton.addEventListener(\"click\", function() {\n        console.log(\"ok\")\n      \/\/ Retroceder en la ventana del navegador\n      window.history.back();\n    });\n  });\n<\/script>\t\t\t\t<\/div>\n\t\t<div class=\"elementor-element elementor-element-dfd2507 e-flex e-con-boxed e-con e-parent\" data-id=\"dfd2507\" data-element_type=\"container\">\n\t\t\t\t\t<div class=\"e-con-inner\">\n\t\t<div class=\"elementor-element elementor-element-aed9913 e-con-full e-flex e-con e-parent\" data-id=\"aed9913\" data-element_type=\"container\" data-settings=\"{&quot;background_background&quot;:&quot;classic&quot;}\">\n\t\t<div class=\"elementor-element elementor-element-ea5519b e-con-full e-flex e-con e-parent\" data-id=\"ea5519b\" data-element_type=\"container\">\n\t\t<div class=\"elementor-element elementor-element-e4043a7 e-con-full e-flex e-con e-parent\" data-id=\"e4043a7\" data-element_type=\"container\">\n\t\t\t\t<div class=\"elementor-element elementor-element-dc21c21 elementor-view-default elementor-widget elementor-widget-icon\" data-id=\"dc21c21\" data-element_type=\"widget\" id=\"country_back_btn\" data-widget_type=\"icon.default\">\n\t\t\t\t\t\t\t<div class=\"elementor-icon-wrapper\">\n\t\t\t<div class=\"elementor-icon\">\n\t\t\t<svg aria-hidden=\"true\" class=\"e-font-icon-svg e-fas-times\" viewBox=\"0 0 352 512\" xmlns=\"http:\/\/www.w3.org\/2000\/svg\"><path d=\"M242.72 256l100.07-100.07c12.28-12.28 12.28-32.19 0-44.48l-22.24-22.24c-12.28-12.28-32.19-12.28-44.48 0L176 189.28 75.93 89.21c-12.28-12.28-32.19-12.28-44.48 0L9.21 111.45c-12.28 12.28-12.28 32.19 0 44.48L109.28 256 9.21 356.07c-12.28 12.28-12.28 32.19 0 44.48l22.24 22.24c12.28 12.28 32.2 12.28 44.48 0L176 322.72l100.07 100.07c12.28 12.28 32.2 12.28 44.48 0l22.24-22.24c12.28-12.28 12.28-32.19 0-44.48L242.72 256z\"><\/path><\/svg>\t\t\t<\/div>\n\t\t<\/div>\n\t\t\t\t\t\t<\/div>\n\t\t\t\t<\/div>\n\t\t\t\t<\/div>\n\t\t<div class=\"elementor-element elementor-element-a887b22 e-con-full e-flex e-con e-parent\" data-id=\"a887b22\" data-element_type=\"container\">\n\t\t<div class=\"elementor-element elementor-element-f6a6a14 e-con-full e-flex e-con e-parent\" data-id=\"f6a6a14\" data-element_type=\"container\" data-settings=\"{&quot;background_background&quot;:&quot;classic&quot;}\">\n\t\t<div class=\"elementor-element elementor-element-1665b0e e-con-full e-flex e-con e-parent\" data-id=\"1665b0e\" data-element_type=\"container\">\n\t\t\t\t<div class=\"elementor-element elementor-element-e1b3177 elementor-widget elementor-widget-image\" data-id=\"e1b3177\" data-element_type=\"widget\" data-widget_type=\"image.default\">\n\t\t\t\t\t\t\t\t\t\t\t\t\t\t\t<img decoding=\"async\" width=\"135\" height=\"155\" src=\"https:\/\/www.rovensanext.be\/wp-content\/uploads\/2023\/07\/okMessage2.png\" class=\"attachment-full size-full wp-image-13869\" alt=\"\" \/>\t\t\t\t\t\t\t\t\t\t\t\t\t\t\t<\/div>\n\t\t\t\t<\/div>\n\t\t\t\t<div class=\"elementor-element elementor-element-28d89fd elementor-widget elementor-widget-heading\" data-id=\"28d89fd\" data-element_type=\"widget\" data-widget_type=\"heading.default\">\n\t\t\t\t\t<span class=\"elementor-heading-title elementor-size-default\">Nous avons re\u00e7u votre demande<\/span>\t\t\t\t<\/div>\n\t\t\t\t<div class=\"elementor-element elementor-element-7a9890b elementor-widget elementor-widget-heading\" data-id=\"7a9890b\" data-element_type=\"widget\" data-widget_type=\"heading.default\">\n\t\t\t\t\t<p class=\"elementor-heading-title elementor-size-default\">Merci d'avoir pris contact avec nous. Nous avons re\u00e7u votre demande et nous vous contacterons d\u00e8s que possible.\n<\/p>\t\t\t\t<\/div>\n\t\t\t\t<div class=\"elementor-element elementor-element-fc380d6 elementor-widget__width-auto animated-fast elementor-hidden-desktop elementor-hidden-laptop elementor-hidden-tablet elementor-hidden-mobile elementor-invisible elementor-widget elementor-widget-button\" data-id=\"fc380d6\" data-element_type=\"widget\" id=\"country_back_btn\" data-settings=\"{&quot;_animation&quot;:&quot;fadeIn&quot;}\" data-widget_type=\"button.default\">\n\t\t\t\t\t\t\t\t\t\t<a class=\"elementor-button elementor-size-xl elementor-animation-push\" role=\"button\">\n\t\t\t\t\t\t<span class=\"elementor-button-content-wrapper\">\n\t\t\t\t\t\t<span class=\"elementor-button-icon\">\n\t\t\t\t<svg aria-hidden=\"true\" class=\"e-font-icon-svg e-fas-long-arrow-alt-left\" viewBox=\"0 0 448 512\" xmlns=\"http:\/\/www.w3.org\/2000\/svg\"><path d=\"M134.059 296H436c6.627 0 12-5.373 12-12v-56c0-6.627-5.373-12-12-12H134.059v-46.059c0-21.382-25.851-32.09-40.971-16.971L7.029 239.029c-9.373 9.373-9.373 24.569 0 33.941l86.059 86.059c15.119 15.119 40.971 4.411 40.971-16.971V296z\"><\/path><\/svg>\t\t\t<\/span>\n\t\t\t\t\t\t\t\t\t<span class=\"elementor-button-text\">Dos \u00e0 dos<\/span>\n\t\t\t\t\t<\/span>\n\t\t\t\t\t<\/a>\n\t\t\t\t\t\t\t\t<\/div>\n\t\t\t\t<\/div>\n\t\t\t\t<\/div>\n\t\t\t\t<\/div>\n\t\t\t\t\t<\/div>\n\t\t\t\t<\/div>\n\t\t\t\t<\/div>\n\t\t\t\t<\/div>\n\t\t","protected":false},"excerpt":{"rendered":"<p>Nous avons re\u00e7u votre demande Merci d&rsquo;avoir pris contact avec nous. Nous avons re\u00e7u votre demande et nous vous contacterons d\u00e8s que possible. Dos \u00e0 dos<\/p>\n","protected":false},"author":2,"featured_media":0,"parent":0,"menu_order":0,"comment_status":"closed","ping_status":"closed","template":"elementor_canvas","meta":{"footnotes":""},"categories":[],"tags":[],"class_list":["post-15222","page","type-page","status-publish","hentry"],"yoast_head":"<!-- This site is optimized with the Yoast SEO plugin v26.3 - https:\/\/yoast.com\/wordpress\/plugins\/seo\/ -->\n<title>Le message a \u00e9t\u00e9 envoy\u00e9 | Rovensa Next Belgium<\/title>\n<meta name=\"robots\" content=\"noindex, nofollow\" \/>\n<meta property=\"og:locale\" content=\"fr_FR\" \/>\n<meta property=\"og:type\" content=\"article\" \/>\n<meta property=\"og:title\" content=\"Le message a \u00e9t\u00e9 envoy\u00e9 | Rovensa Next Belgium\" \/>\n<meta property=\"og:description\" content=\"Nous avons re\u00e7u votre demande Merci d&rsquo;avoir pris contact avec nous. Nous avons re\u00e7u votre demande et nous vous contacterons d\u00e8s que possible. Dos \u00e0 dos\" \/>\n<meta property=\"og:url\" content=\"https:\/\/www.rovensanext.be\/fr\/le-message-a-ete-envoye\/\" \/>\n<meta property=\"og:site_name\" content=\"Rovensa Next Belgium\" \/>\n<meta property=\"article:publisher\" content=\"https:\/\/www.facebook.com\/RovensaNext\" \/>\n<meta property=\"article:modified_time\" content=\"2023-07-21T00:40:44+00:00\" \/>\n<meta property=\"og:image\" content=\"http:\/\/rovensanext.be\/wp-content\/uploads\/2023\/07\/okMessage2.png\" \/>\n<meta name=\"twitter:card\" content=\"summary_large_image\" \/>\n<script type=\"application\/ld+json\" class=\"yoast-schema-graph\">{\"@context\":\"https:\/\/schema.org\",\"@graph\":[{\"@type\":\"WebPage\",\"@id\":\"https:\/\/www.rovensanext.be\/fr\/le-message-a-ete-envoye\/\",\"url\":\"https:\/\/www.rovensanext.be\/fr\/le-message-a-ete-envoye\/\",\"name\":\"Le message a \u00e9t\u00e9 envoy\u00e9 | Rovensa Next Belgium\",\"isPartOf\":{\"@id\":\"https:\/\/www.rovensanext.be\/fr\/#website\"},\"primaryImageOfPage\":{\"@id\":\"https:\/\/www.rovensanext.be\/fr\/le-message-a-ete-envoye\/#primaryimage\"},\"image\":{\"@id\":\"https:\/\/www.rovensanext.be\/fr\/le-message-a-ete-envoye\/#primaryimage\"},\"thumbnailUrl\":\"http:\/\/rovensanext.be\/wp-content\/uploads\/2023\/07\/okMessage2.png\",\"datePublished\":\"2023-07-21T00:40:43+00:00\",\"dateModified\":\"2023-07-21T00:40:44+00:00\",\"breadcrumb\":{\"@id\":\"https:\/\/www.rovensanext.be\/fr\/le-message-a-ete-envoye\/#breadcrumb\"},\"inLanguage\":\"fr-FR\",\"potentialAction\":[{\"@type\":\"ReadAction\",\"target\":[\"https:\/\/www.rovensanext.be\/fr\/le-message-a-ete-envoye\/\"]}]},{\"@type\":\"ImageObject\",\"inLanguage\":\"fr-FR\",\"@id\":\"https:\/\/www.rovensanext.be\/fr\/le-message-a-ete-envoye\/#primaryimage\",\"url\":\"http:\/\/rovensanext.be\/wp-content\/uploads\/2023\/07\/okMessage2.png\",\"contentUrl\":\"http:\/\/rovensanext.be\/wp-content\/uploads\/2023\/07\/okMessage2.png\"},{\"@type\":\"BreadcrumbList\",\"@id\":\"https:\/\/www.rovensanext.be\/fr\/le-message-a-ete-envoye\/#breadcrumb\",\"itemListElement\":[{\"@type\":\"ListItem\",\"position\":1,\"name\":\"Home\",\"item\":\"https:\/\/www.rovensanext.be\/fr\/\"},{\"@type\":\"ListItem\",\"position\":2,\"name\":\"Le message a \u00e9t\u00e9 envoy\u00e9\"}]},{\"@type\":\"WebSite\",\"@id\":\"https:\/\/www.rovensanext.be\/fr\/#website\",\"url\":\"https:\/\/www.rovensanext.be\/fr\/\",\"name\":\"Rovensa Next Belgium\",\"description\":\"Un pionnier des biosolutions pour l&#039;agriculture durable\",\"publisher\":{\"@id\":\"https:\/\/www.rovensanext.be\/fr\/#organization\"},\"alternateName\":\"Un pionnier des biosolutions pour l'agriculture durable\",\"potentialAction\":[{\"@type\":\"SearchAction\",\"target\":{\"@type\":\"EntryPoint\",\"urlTemplate\":\"https:\/\/www.rovensanext.be\/fr\/?s={search_term_string}\"},\"query-input\":{\"@type\":\"PropertyValueSpecification\",\"valueRequired\":true,\"valueName\":\"search_term_string\"}}],\"inLanguage\":\"fr-FR\"},{\"@type\":\"Organization\",\"@id\":\"https:\/\/www.rovensanext.be\/fr\/#organization\",\"name\":\"Rovensa Next Belgium\",\"alternateName\":\"Un pionnier des biosolutions pour l'agriculture durable\",\"url\":\"https:\/\/www.rovensanext.be\/fr\/\",\"logo\":{\"@type\":\"ImageObject\",\"inLanguage\":\"fr-FR\",\"@id\":\"https:\/\/www.rovensanext.be\/fr\/#\/schema\/logo\/image\/\",\"url\":\"http:\/\/rovensanext.be\/wp-content\/uploads\/2023\/07\/RovensaNextLogoColor.png\",\"contentUrl\":\"http:\/\/rovensanext.be\/wp-content\/uploads\/2023\/07\/RovensaNextLogoColor.png\",\"width\":235,\"height\":64,\"caption\":\"Rovensa Next Belgium\"},\"image\":{\"@id\":\"https:\/\/www.rovensanext.be\/fr\/#\/schema\/logo\/image\/\"},\"sameAs\":[\"https:\/\/www.facebook.com\/RovensaNext\",\"https:\/\/www.linkedin.com\/company\/rovensa-next\/about\/\",\"https:\/\/www.youtube.com\/@RovensaNext\"]}]}<\/script>\n<!-- \/ Yoast SEO plugin. -->","yoast_head_json":{"title":"Le message a \u00e9t\u00e9 envoy\u00e9 | Rovensa Next Belgium","robots":{"index":"noindex","follow":"nofollow"},"og_locale":"fr_FR","og_type":"article","og_title":"Le message a \u00e9t\u00e9 envoy\u00e9 | Rovensa Next Belgium","og_description":"Nous avons re\u00e7u votre demande Merci d&rsquo;avoir pris contact avec nous. Nous avons re\u00e7u votre demande et nous vous contacterons d\u00e8s que possible. Dos \u00e0 dos","og_url":"https:\/\/www.rovensanext.be\/fr\/le-message-a-ete-envoye\/","og_site_name":"Rovensa Next Belgium","article_publisher":"https:\/\/www.facebook.com\/RovensaNext","article_modified_time":"2023-07-21T00:40:44+00:00","og_image":[{"url":"http:\/\/rovensanext.be\/wp-content\/uploads\/2023\/07\/okMessage2.png","type":"","width":"","height":""}],"twitter_card":"summary_large_image","schema":{"@context":"https:\/\/schema.org","@graph":[{"@type":"WebPage","@id":"https:\/\/www.rovensanext.be\/fr\/le-message-a-ete-envoye\/","url":"https:\/\/www.rovensanext.be\/fr\/le-message-a-ete-envoye\/","name":"Le message a \u00e9t\u00e9 envoy\u00e9 | Rovensa Next Belgium","isPartOf":{"@id":"https:\/\/www.rovensanext.be\/fr\/#website"},"primaryImageOfPage":{"@id":"https:\/\/www.rovensanext.be\/fr\/le-message-a-ete-envoye\/#primaryimage"},"image":{"@id":"https:\/\/www.rovensanext.be\/fr\/le-message-a-ete-envoye\/#primaryimage"},"thumbnailUrl":"http:\/\/rovensanext.be\/wp-content\/uploads\/2023\/07\/okMessage2.png","datePublished":"2023-07-21T00:40:43+00:00","dateModified":"2023-07-21T00:40:44+00:00","breadcrumb":{"@id":"https:\/\/www.rovensanext.be\/fr\/le-message-a-ete-envoye\/#breadcrumb"},"inLanguage":"fr-FR","potentialAction":[{"@type":"ReadAction","target":["https:\/\/www.rovensanext.be\/fr\/le-message-a-ete-envoye\/"]}]},{"@type":"ImageObject","inLanguage":"fr-FR","@id":"https:\/\/www.rovensanext.be\/fr\/le-message-a-ete-envoye\/#primaryimage","url":"http:\/\/rovensanext.be\/wp-content\/uploads\/2023\/07\/okMessage2.png","contentUrl":"http:\/\/rovensanext.be\/wp-content\/uploads\/2023\/07\/okMessage2.png"},{"@type":"BreadcrumbList","@id":"https:\/\/www.rovensanext.be\/fr\/le-message-a-ete-envoye\/#breadcrumb","itemListElement":[{"@type":"ListItem","position":1,"name":"Home","item":"https:\/\/www.rovensanext.be\/fr\/"},{"@type":"ListItem","position":2,"name":"Le message a \u00e9t\u00e9 envoy\u00e9"}]},{"@type":"WebSite","@id":"https:\/\/www.rovensanext.be\/fr\/#website","url":"https:\/\/www.rovensanext.be\/fr\/","name":"Rovensa Next Belgium","description":"Un pionnier des biosolutions pour l&#039;agriculture durable","publisher":{"@id":"https:\/\/www.rovensanext.be\/fr\/#organization"},"alternateName":"Un pionnier des biosolutions pour l'agriculture durable","potentialAction":[{"@type":"SearchAction","target":{"@type":"EntryPoint","urlTemplate":"https:\/\/www.rovensanext.be\/fr\/?s={search_term_string}"},"query-input":{"@type":"PropertyValueSpecification","valueRequired":true,"valueName":"search_term_string"}}],"inLanguage":"fr-FR"},{"@type":"Organization","@id":"https:\/\/www.rovensanext.be\/fr\/#organization","name":"Rovensa Next Belgium","alternateName":"Un pionnier des biosolutions pour l'agriculture durable","url":"https:\/\/www.rovensanext.be\/fr\/","logo":{"@type":"ImageObject","inLanguage":"fr-FR","@id":"https:\/\/www.rovensanext.be\/fr\/#\/schema\/logo\/image\/","url":"http:\/\/rovensanext.be\/wp-content\/uploads\/2023\/07\/RovensaNextLogoColor.png","contentUrl":"http:\/\/rovensanext.be\/wp-content\/uploads\/2023\/07\/RovensaNextLogoColor.png","width":235,"height":64,"caption":"Rovensa Next Belgium"},"image":{"@id":"https:\/\/www.rovensanext.be\/fr\/#\/schema\/logo\/image\/"},"sameAs":["https:\/\/www.facebook.com\/RovensaNext","https:\/\/www.linkedin.com\/company\/rovensa-next\/about\/","https:\/\/www.youtube.com\/@RovensaNext"]}]}},"_links":{"self":[{"href":"https:\/\/www.rovensanext.be\/fr\/wp-json\/wp\/v2\/pages\/15222","targetHints":{"allow":["GET"]}}],"collection":[{"href":"https:\/\/www.rovensanext.be\/fr\/wp-json\/wp\/v2\/pages"}],"about":[{"href":"https:\/\/www.rovensanext.be\/fr\/wp-json\/wp\/v2\/types\/page"}],"author":[{"embeddable":true,"href":"https:\/\/www.rovensanext.be\/fr\/wp-json\/wp\/v2\/users\/2"}],"replies":[{"embeddable":true,"href":"https:\/\/www.rovensanext.be\/fr\/wp-json\/wp\/v2\/comments?post=15222"}],"version-history":[{"count":0,"href":"https:\/\/www.rovensanext.be\/fr\/wp-json\/wp\/v2\/pages\/15222\/revisions"}],"wp:attachment":[{"href":"https:\/\/www.rovensanext.be\/fr\/wp-json\/wp\/v2\/media?parent=15222"}],"wp:term":[{"taxonomy":"category","embeddable":true,"href":"https:\/\/www.rovensanext.be\/fr\/wp-json\/wp\/v2\/categories?post=15222"},{"taxonomy":"post_tag","embeddable":true,"href":"https:\/\/www.rovensanext.be\/fr\/wp-json\/wp\/v2\/tags?post=15222"}],"curies":[{"name":"wp","href":"https:\/\/api.w.org\/{rel}","templated":true}]}}